{"id":64,"date":"2024-02-26T16:49:57","date_gmt":"2024-02-26T16:49:57","guid":{"rendered":"https:\/\/up9lisbon.pt\/?post_type=product&#038;p=64"},"modified":"2025-08-21T15:04:30","modified_gmt":"2025-08-21T15:04:30","slug":"short-sleeved-love-polo-shirt-women","status":"publish","type":"product","link":"https:\/\/up9lisbon.pt\/pt\/produto\/short-sleeved-love-polo-shirt-women\/","title":{"rendered":"Short-sleeved Love polo shirt- Women"},"content":{"rendered":"<h1>Short-sleeved Love polo shirt-Women<\/h1>\n<p>The short-sleeved Love polo shirt for women is the latest creation from UP9LISBON, continuing its mission to respect the environment.<\/p>\n<p>We highlight the continued use of the iconic <a href=\"https:\/\/www.luisa-paixao.eu\/blogs\/la-vie-au-portugal\/coeur-de-viana\" target=\"_blank\" rel=\"noopener\">Viana heart in cork<\/a>, which gains strength in this fabric made of <a href=\"https:\/\/supima.com\/\" target=\"_blank\" rel=\"noopener\">Supima cotton<\/a>.<\/p>\n<p>\u00c9 um polo 100% natural e um produto 100% portugu\u00eas.<\/p>\n<p>Dispon\u00edvel em verde e azul.<\/p>","protected":false},"excerpt":{"rendered":"<p>The short-sleeved Love polo shirt for women is the latest creation from UP9LISBON, continuing its mission to respect the environment.<\/p>\n<p>We highlight the continued use of the iconic <a href=\"https:\/\/www.luisa-paixao.eu\/blogs\/la-vie-au-portugal\/coeur-de-viana\" target=\"_blank\" rel=\"noopener\">Viana heart in cork<\/a>, which gains strength in this fabric made of <a href=\"https:\/\/supima.com\/\" target=\"_blank\" rel=\"noopener\">Supima cotton<\/a>.<\/p>\n<p>\u00c9 um polo 100% natural e um produto 100% portugu\u00eas.<\/p>\n<p>Dispon\u00edvel em verde e azul.<\/p>\n<p><strong data-sider-select-id=\"e2940266-e5f7-4534-ae14-6cad9d1f9524\">Especifica\u00e7\u00f5es T\u00e9cnicas<\/strong><\/p>\n<p><a href=\"https:\/\/up9lisbon.pt\/wp-content\/uploads\/2024\/02\/TABELA-DE-MEDIDAS-UP9LISBON_T-shirt-Manga-Curta.png\"><img decoding=\"async\" class=\"alignnone size-medium wp-image-2466\" src=\"https:\/\/up9lisbon.pt\/wp-content\/uploads\/2024\/02\/TABELA-DE-MEDIDAS-UP9LISBON_T-shirt-Manga-Curta-300x104.png\" alt=\"\" width=\"300\" height=\"104\" srcset=\"https:\/\/up9lisbon.pt\/wp-content\/uploads\/2024\/02\/TABELA-DE-MEDIDAS-UP9LISBON_T-shirt-Manga-Curta-300x104.png 300w, https:\/\/up9lisbon.pt\/wp-content\/uploads\/2024\/02\/TABELA-DE-MEDIDAS-UP9LISBON_T-shirt-Manga-Curta-600x209.png 600w, https:\/\/up9lisbon.pt\/wp-content\/uploads\/2024\/02\/TABELA-DE-MEDIDAS-UP9LISBON_T-shirt-Manga-Curta-1024x356.png 1024w, https:\/\/up9lisbon.pt\/wp-content\/uploads\/2024\/02\/TABELA-DE-MEDIDAS-UP9LISBON_T-shirt-Manga-Curta-768x267.png 768w, https:\/\/up9lisbon.pt\/wp-content\/uploads\/2024\/02\/TABELA-DE-MEDIDAS-UP9LISBON_T-shirt-Manga-Curta-18x6.png 18w, https:\/\/up9lisbon.pt\/wp-content\/uploads\/2024\/02\/TABELA-DE-MEDIDAS-UP9LISBON_T-shirt-Manga-Curta.png 1237w\" sizes=\"(max-width: 300px) 100vw, 300px\" \/><\/a><\/p>","protected":false},"featured_media":137,"comment_status":"open","ping_status":"closed","template":"","meta":{"site-sidebar-layout":"default","site-content-layout":"","ast-site-content-layout":"default","site-content-style":"default","site-sidebar-style":"default","ast-global-header-display":"","ast-banner-title-visibility":"","ast-main-header-display":"","ast-hfb-above-header-display":"","ast-hfb-below-header-display":"","ast-hfb-mobile-header-display":"","site-post-title":"","ast-breadcrumbs-content":"","ast-featured-img":"","footer-sml-layout":"","theme-transparent-header-meta":"default","adv-header-id-meta":"","stick-header-meta":"","header-above-stick-meta":"","header-main-stick-meta":"","header-below-stick-meta":"","astra-migrate-meta-layouts":"set","ast-page-background-enabled":"default","ast-page-background-meta":{"desktop":{"background-color":"var(--ast-global-color-4)","background-image":"","background-repeat":"repeat","background-position":"center center","background-size":"auto","background-attachment":"scroll","background-type":"","background-media":"","overlay-type":"","overlay-color":"","overlay-opacity":"","overlay-gradient":""},"tablet":{"background-color":"","background-image":"","background-repeat":"repeat","background-position":"center center","background-size":"auto","background-attachment":"scroll","background-type":"","background-media":"","overlay-type":"","overlay-color":"","overlay-opacity":"","overlay-gradient":""},"mobile":{"background-color":"","background-image":"","background-repeat":"repeat","background-position":"center center","background-size":"auto","background-attachment":"scroll","background-type":"","background-media":"","overlay-type":"","overlay-color":"","overlay-opacity":"","overlay-gradient":""}},"ast-content-background-meta":{"desktop":{"background-color":"var(--ast-global-color-5)","background-image":"","background-repeat":"repeat","background-position":"center center","background-size":"auto","background-attachment":"scroll","background-type":"","background-media":"","overlay-type":"","overlay-color":"","overlay-opacity":"","overlay-gradient":""},"tablet":{"background-color":"var(--ast-global-color-5)","background-image":"","background-repeat":"repeat","background-position":"center center","background-size":"auto","background-attachment":"scroll","background-type":"","background-media":"","overlay-type":"","overlay-color":"","overlay-opacity":"","overlay-gradient":""},"mobile":{"background-color":"var(--ast-global-color-5)","background-image":"","background-repeat":"repeat","background-position":"center center","background-size":"auto","background-attachment":"scroll","background-type":"","background-media":"","overlay-type":"","overlay-color":"","overlay-opacity":"","overlay-gradient":""}}},"product_brand":[],"product_cat":[45,16],"product_tag":[46,47],"class_list":{"0":"post-64","1":"product","2":"type-product","3":"status-publish","4":"has-post-thumbnail","6":"product_cat-short-sleeve-polo-shirts","7":"product_cat-women","8":"product_tag-ecologico","9":"product_tag-polo","10":"desktop-align-left","11":"tablet-align-left","12":"mobile-align-left","14":"first","15":"instock","16":"shipping-taxable","17":"purchasable","18":"product-type-variable","19":"has-default-attributes"},"_links":{"self":[{"href":"https:\/\/up9lisbon.pt\/pt\/wp-json\/wp\/v2\/product\/64","targetHints":{"allow":["GET"]}}],"collection":[{"href":"https:\/\/up9lisbon.pt\/pt\/wp-json\/wp\/v2\/product"}],"about":[{"href":"https:\/\/up9lisbon.pt\/pt\/wp-json\/wp\/v2\/types\/product"}],"replies":[{"embeddable":true,"href":"https:\/\/up9lisbon.pt\/pt\/wp-json\/wp\/v2\/comments?post=64"}],"wp:featuredmedia":[{"embeddable":true,"href":"https:\/\/up9lisbon.pt\/pt\/wp-json\/wp\/v2\/media\/137"}],"wp:attachment":[{"href":"https:\/\/up9lisbon.pt\/pt\/wp-json\/wp\/v2\/media?parent=64"}],"wp:term":[{"taxonomy":"product_brand","embeddable":true,"href":"https:\/\/up9lisbon.pt\/pt\/wp-json\/wp\/v2\/product_brand?post=64"},{"taxonomy":"product_cat","embeddable":true,"href":"https:\/\/up9lisbon.pt\/pt\/wp-json\/wp\/v2\/product_cat?post=64"},{"taxonomy":"product_tag","embeddable":true,"href":"https:\/\/up9lisbon.pt\/pt\/wp-json\/wp\/v2\/product_tag?post=64"}],"curies":[{"name":"wp","href":"https:\/\/api.w.org\/{rel}","templated":true}]}}