{"id":44,"date":"2024-02-26T16:49:31","date_gmt":"2024-02-26T16:49:31","guid":{"rendered":"https:\/\/up9lisbon.pt\/?post_type=product&#038;p=44"},"modified":"2025-09-15T17:21:48","modified_gmt":"2025-09-15T17:21:48","slug":"lamp-air","status":"publish","type":"product","link":"https:\/\/up9lisbon.pt\/pt\/produto\/lamp-air\/","title":{"rendered":"Candeeiro \u2013 Ar"},"content":{"rendered":"<h1>Candeeiro \u2013 Ar<\/h1>\n<p>Apresentamos o candeeiro \"Air\", uma mistura \u00fanica de modernidade e tradi\u00e7\u00e3o que traz uma nova dimens\u00e3o \u00e0 ilumina\u00e7\u00e3o. Produzido em Portugal, este candeeiro apresenta uma base lil\u00e1s marcante, complementada por uma estrutura de ferro e uma base em gr\u00e9s fino cozido a altas temperaturas. Eleve o seu espa\u00e7o com este produto 100% portugu\u00eas que combina arte e funcionalidade.<\/p>","protected":false},"excerpt":{"rendered":"<p>O candeeiro \u201cAr\u201d oferece uma nova amplitude \u00e0 ilumina\u00e7\u00e3o. Um exerc\u00edcio est\u00e9tico de composi\u00e7\u00e3o feito em duas artes: modernidade e tradi\u00e7\u00e3o.<\/p>\n<p>Produto 100% portugu\u00eas.<\/p>\n<p>Base Lil\u00e1s.<br \/>\nEstrutura em ferro, base em gr\u00e9s fino cozido a alta temperatura em mono-cozedura.<\/p>","protected":false},"featured_media":121,"comment_status":"open","ping_status":"closed","template":"","meta":{"site-sidebar-layout":"default","site-content-layout":"","ast-site-content-layout":"default","site-content-style":"default","site-sidebar-style":"default","ast-global-header-display":"","ast-banner-title-visibility":"","ast-main-header-display":"","ast-hfb-above-header-display":"","ast-hfb-below-header-display":"","ast-hfb-mobile-header-display":"","site-post-title":"","ast-breadcrumbs-content":"","ast-featured-img":"","footer-sml-layout":"","theme-transparent-header-meta":"default","adv-header-id-meta":"","stick-header-meta":"","header-above-stick-meta":"","header-main-stick-meta":"","header-below-stick-meta":"","astra-migrate-meta-layouts":"set","ast-page-background-enabled":"default","ast-page-background-meta":{"desktop":{"background-color":"var(--ast-global-color-4)","background-image":"","background-repeat":"repeat","background-position":"center center","background-size":"auto","background-attachment":"scroll","background-type":"","background-media":"","overlay-type":"","overlay-color":"","overlay-opacity":"","overlay-gradient":""},"tablet":{"background-color":"","background-image":"","background-repeat":"repeat","background-position":"center center","background-size":"auto","background-attachment":"scroll","background-type":"","background-media":"","overlay-type":"","overlay-color":"","overlay-opacity":"","overlay-gradient":""},"mobile":{"background-color":"","background-image":"","background-repeat":"repeat","background-position":"center center","background-size":"auto","background-attachment":"scroll","background-type":"","background-media":"","overlay-type":"","overlay-color":"","overlay-opacity":"","overlay-gradient":""}},"ast-content-background-meta":{"desktop":{"background-color":"var(--ast-global-color-5)","background-image":"","background-repeat":"repeat","background-position":"center center","background-size":"auto","background-attachment":"scroll","background-type":"","background-media":"","overlay-type":"","overlay-color":"","overlay-opacity":"","overlay-gradient":""},"tablet":{"background-color":"var(--ast-global-color-5)","background-image":"","background-repeat":"repeat","background-position":"center center","background-size":"auto","background-attachment":"scroll","background-type":"","background-media":"","overlay-type":"","overlay-color":"","overlay-opacity":"","overlay-gradient":""},"mobile":{"background-color":"var(--ast-global-color-5)","background-image":"","background-repeat":"repeat","background-position":"center center","background-size":"auto","background-attachment":"scroll","background-type":"","background-media":"","overlay-type":"","overlay-color":"","overlay-opacity":"","overlay-gradient":""}}},"product_brand":[],"product_cat":[30,31,36],"product_tag":[33],"class_list":{"0":"post-44","1":"product","2":"type-product","3":"status-publish","4":"has-post-thumbnail","6":"product_cat-decorations","7":"product_cat-floor-lamps","8":"product_cat-terra","9":"product_tag-candeeiro","10":"desktop-align-left","11":"tablet-align-left","12":"mobile-align-left","14":"first","15":"instock","16":"shipping-taxable","17":"purchasable","18":"product-type-simple"},"_links":{"self":[{"href":"https:\/\/up9lisbon.pt\/pt\/wp-json\/wp\/v2\/product\/44","targetHints":{"allow":["GET"]}}],"collection":[{"href":"https:\/\/up9lisbon.pt\/pt\/wp-json\/wp\/v2\/product"}],"about":[{"href":"https:\/\/up9lisbon.pt\/pt\/wp-json\/wp\/v2\/types\/product"}],"replies":[{"embeddable":true,"href":"https:\/\/up9lisbon.pt\/pt\/wp-json\/wp\/v2\/comments?post=44"}],"wp:featuredmedia":[{"embeddable":true,"href":"https:\/\/up9lisbon.pt\/pt\/wp-json\/wp\/v2\/media\/121"}],"wp:attachment":[{"href":"https:\/\/up9lisbon.pt\/pt\/wp-json\/wp\/v2\/media?parent=44"}],"wp:term":[{"taxonomy":"product_brand","embeddable":true,"href":"https:\/\/up9lisbon.pt\/pt\/wp-json\/wp\/v2\/product_brand?post=44"},{"taxonomy":"product_cat","embeddable":true,"href":"https:\/\/up9lisbon.pt\/pt\/wp-json\/wp\/v2\/product_cat?post=44"},{"taxonomy":"product_tag","embeddable":true,"href":"https:\/\/up9lisbon.pt\/pt\/wp-json\/wp\/v2\/product_tag?post=44"}],"curies":[{"name":"wp","href":"https:\/\/api.w.org\/{rel}","templated":true}]}}