{"id":33,"date":"2024-02-26T16:49:31","date_gmt":"2024-02-26T16:49:31","guid":{"rendered":"https:\/\/up9lisbon.pt\/?post_type=product&#038;p=33"},"modified":"2025-08-21T15:11:54","modified_gmt":"2025-08-21T15:11:54","slug":"blue-angel-sweatshirt","status":"publish","type":"product","link":"https:\/\/up9lisbon.pt\/pt\/produto\/blue-angel-sweatshirt\/","title":{"rendered":"Sweatshirt Azul Anjo"},"content":{"rendered":"<h1>Sweatshirt Azul Anjo<\/h1>","protected":false},"excerpt":{"rendered":"<p>A Sweatshirt Anjo \u00e9 uma das mais recentes pe\u00e7as com a nossa assinatura.<\/p>\n<p>Dispon\u00edvel nas cores azul e rosa \u00e9 uma pe\u00e7a feita por inteiro em Portugal.<\/p>\n<p>Desenho atl\u00e9tico, e colarinho e punhos refor\u00e7ados est\u00e3o entre os pormenores essenciais.<\/p>\n<p>Feito de felpa americana\/ Lyocell .<\/p>\n<p><strong data-sider-select-id=\"e2940266-e5f7-4534-ae14-6cad9d1f9524\">Especifica\u00e7\u00f5es T\u00e9cnicas<\/strong><\/p>\n<p><a href=\"https:\/\/up9lisbon.pt\/wp-content\/uploads\/2024\/02\/TABELA-DE-MEDIDAS-UP9LISBON-Tshirt-Manga-Comprida-.png\"><img decoding=\"async\" class=\"alignnone size-medium wp-image-2465\" src=\"https:\/\/up9lisbon.pt\/wp-content\/uploads\/2024\/02\/TABELA-DE-MEDIDAS-UP9LISBON-Tshirt-Manga-Comprida--300x108.png\" alt=\"\" width=\"300\" height=\"108\" srcset=\"https:\/\/up9lisbon.pt\/wp-content\/uploads\/2024\/02\/TABELA-DE-MEDIDAS-UP9LISBON-Tshirt-Manga-Comprida--300x108.png 300w, https:\/\/up9lisbon.pt\/wp-content\/uploads\/2024\/02\/TABELA-DE-MEDIDAS-UP9LISBON-Tshirt-Manga-Comprida--600x216.png 600w, https:\/\/up9lisbon.pt\/wp-content\/uploads\/2024\/02\/TABELA-DE-MEDIDAS-UP9LISBON-Tshirt-Manga-Comprida--1024x369.png 1024w, https:\/\/up9lisbon.pt\/wp-content\/uploads\/2024\/02\/TABELA-DE-MEDIDAS-UP9LISBON-Tshirt-Manga-Comprida--768x277.png 768w, https:\/\/up9lisbon.pt\/wp-content\/uploads\/2024\/02\/TABELA-DE-MEDIDAS-UP9LISBON-Tshirt-Manga-Comprida--18x6.png 18w, https:\/\/up9lisbon.pt\/wp-content\/uploads\/2024\/02\/TABELA-DE-MEDIDAS-UP9LISBON-Tshirt-Manga-Comprida-.png 1180w\" sizes=\"(max-width: 300px) 100vw, 300px\" \/><\/a><\/p>","protected":false},"featured_media":93,"comment_status":"open","ping_status":"closed","template":"","meta":{"site-sidebar-layout":"default","site-content-layout":"","ast-site-content-layout":"default","site-content-style":"default","site-sidebar-style":"default","ast-global-header-display":"","ast-banner-title-visibility":"","ast-main-header-display":"","ast-hfb-above-header-display":"","ast-hfb-below-header-display":"","ast-hfb-mobile-header-display":"","site-post-title":"","ast-breadcrumbs-content":"","ast-featured-img":"","footer-sml-layout":"","theme-transparent-header-meta":"default","adv-header-id-meta":"","stick-header-meta":"","header-above-stick-meta":"","header-main-stick-meta":"","header-below-stick-meta":"","astra-migrate-meta-layouts":"set","ast-page-background-enabled":"default","ast-page-background-meta":{"desktop":{"background-color":"var(--ast-global-color-4)","background-image":"","background-repeat":"repeat","background-position":"center center","background-size":"auto","background-attachment":"scroll","background-type":"","background-media":"","overlay-type":"","overlay-color":"","overlay-opacity":"","overlay-gradient":""},"tablet":{"background-color":"","background-image":"","background-repeat":"repeat","background-position":"center center","background-size":"auto","background-attachment":"scroll","background-type":"","background-media":"","overlay-type":"","overlay-color":"","overlay-opacity":"","overlay-gradient":""},"mobile":{"background-color":"","background-image":"","background-repeat":"repeat","background-position":"center center","background-size":"auto","background-attachment":"scroll","background-type":"","background-media":"","overlay-type":"","overlay-color":"","overlay-opacity":"","overlay-gradient":""}},"ast-content-background-meta":{"desktop":{"background-color":"var(--ast-global-color-5)","background-image":"","background-repeat":"repeat","background-position":"center center","background-size":"auto","background-attachment":"scroll","background-type":"","background-media":"","overlay-type":"","overlay-color":"","overlay-opacity":"","overlay-gradient":""},"tablet":{"background-color":"var(--ast-global-color-5)","background-image":"","background-repeat":"repeat","background-position":"center center","background-size":"auto","background-attachment":"scroll","background-type":"","background-media":"","overlay-type":"","overlay-color":"","overlay-opacity":"","overlay-gradient":""},"mobile":{"background-color":"var(--ast-global-color-5)","background-image":"","background-repeat":"repeat","background-position":"center center","background-size":"auto","background-attachment":"scroll","background-type":"","background-media":"","overlay-type":"","overlay-color":"","overlay-opacity":"","overlay-gradient":""}}},"product_brand":[],"product_cat":[19,29],"product_tag":[28],"class_list":{"0":"post-33","1":"product","2":"type-product","3":"status-publish","4":"has-post-thumbnail","6":"product_cat-men","7":"product_cat-sweatshirts-men","8":"product_tag-sweatshirt","9":"desktop-align-left","10":"tablet-align-left","11":"mobile-align-left","13":"first","14":"instock","15":"shipping-taxable","16":"purchasable","17":"product-type-variable"},"_links":{"self":[{"href":"https:\/\/up9lisbon.pt\/pt\/wp-json\/wp\/v2\/product\/33","targetHints":{"allow":["GET"]}}],"collection":[{"href":"https:\/\/up9lisbon.pt\/pt\/wp-json\/wp\/v2\/product"}],"about":[{"href":"https:\/\/up9lisbon.pt\/pt\/wp-json\/wp\/v2\/types\/product"}],"replies":[{"embeddable":true,"href":"https:\/\/up9lisbon.pt\/pt\/wp-json\/wp\/v2\/comments?post=33"}],"wp:featuredmedia":[{"embeddable":true,"href":"https:\/\/up9lisbon.pt\/pt\/wp-json\/wp\/v2\/media\/93"}],"wp:attachment":[{"href":"https:\/\/up9lisbon.pt\/pt\/wp-json\/wp\/v2\/media?parent=33"}],"wp:term":[{"taxonomy":"product_brand","embeddable":true,"href":"https:\/\/up9lisbon.pt\/pt\/wp-json\/wp\/v2\/product_brand?post=33"},{"taxonomy":"product_cat","embeddable":true,"href":"https:\/\/up9lisbon.pt\/pt\/wp-json\/wp\/v2\/product_cat?post=33"},{"taxonomy":"product_tag","embeddable":true,"href":"https:\/\/up9lisbon.pt\/pt\/wp-json\/wp\/v2\/product_tag?post=33"}],"curies":[{"name":"wp","href":"https:\/\/api.w.org\/{rel}","templated":true}]}}