{"id":26,"date":"2024-02-26T16:49:30","date_gmt":"2024-02-26T16:49:30","guid":{"rendered":"https:\/\/up9lisbon.pt\/?post_type=product&#038;p=26"},"modified":"2025-08-21T15:38:17","modified_gmt":"2025-08-21T15:38:17","slug":"up9lisbon-flat-cap-women-blue","status":"publish","type":"product","link":"https:\/\/up9lisbon.pt\/pt\/produto\/up9lisbon-flat-cap-women-blue\/","title":{"rendered":"Boina Up9Lisbon \u2013 Mulher \u2013 Azul"},"content":{"rendered":"<h1>Boina Up9Lisbon \u2013 Mulher \u2013 Azul<\/h1>","protected":false},"excerpt":{"rendered":"<p>O cl\u00e1ssico encontra o contempor\u00e2neo na nova boina UP9LISBON.<\/p>\n<p>Feita em l\u00e3 merino, de primeira qualidade, ganha uma outra presen\u00e7a gra\u00e7as ao logo bordado atr\u00e1s.<\/p>\n<p>Feito em 100% l\u00e3 natural e stretch com fecho ajust\u00e1vel em tecido de corti\u00e7a.<\/p>\n<p>Produto 100% portugu\u00eas.<\/p>","protected":false},"featured_media":70,"comment_status":"open","ping_status":"closed","template":"","meta":{"site-sidebar-layout":"default","site-content-layout":"","ast-site-content-layout":"default","site-content-style":"default","site-sidebar-style":"default","ast-global-header-display":"","ast-banner-title-visibility":"","ast-main-header-display":"","ast-hfb-above-header-display":"","ast-hfb-below-header-display":"","ast-hfb-mobile-header-display":"","site-post-title":"","ast-breadcrumbs-content":"","ast-featured-img":"","footer-sml-layout":"","theme-transparent-header-meta":"default","adv-header-id-meta":"","stick-header-meta":"","header-above-stick-meta":"","header-main-stick-meta":"","header-below-stick-meta":"","astra-migrate-meta-layouts":"set","ast-page-background-enabled":"default","ast-page-background-meta":{"desktop":{"background-color":"var(--ast-global-color-4)","background-image":"","background-repeat":"repeat","background-position":"center center","background-size":"auto","background-attachment":"scroll","background-type":"","background-media":"","overlay-type":"","overlay-color":"","overlay-opacity":"","overlay-gradient":""},"tablet":{"background-color":"","background-image":"","background-repeat":"repeat","background-position":"center center","background-size":"auto","background-attachment":"scroll","background-type":"","background-media":"","overlay-type":"","overlay-color":"","overlay-opacity":"","overlay-gradient":""},"mobile":{"background-color":"","background-image":"","background-repeat":"repeat","background-position":"center center","background-size":"auto","background-attachment":"scroll","background-type":"","background-media":"","overlay-type":"","overlay-color":"","overlay-opacity":"","overlay-gradient":""}},"ast-content-background-meta":{"desktop":{"background-color":"var(--ast-global-color-5)","background-image":"","background-repeat":"repeat","background-position":"center center","background-size":"auto","background-attachment":"scroll","background-type":"","background-media":"","overlay-type":"","overlay-color":"","overlay-opacity":"","overlay-gradient":""},"tablet":{"background-color":"var(--ast-global-color-5)","background-image":"","background-repeat":"repeat","background-position":"center center","background-size":"auto","background-attachment":"scroll","background-type":"","background-media":"","overlay-type":"","overlay-color":"","overlay-opacity":"","overlay-gradient":""},"mobile":{"background-color":"var(--ast-global-color-5)","background-image":"","background-repeat":"repeat","background-position":"center center","background-size":"auto","background-attachment":"scroll","background-type":"","background-media":"","overlay-type":"","overlay-color":"","overlay-opacity":"","overlay-gradient":""}}},"product_brand":[],"product_cat":[24,16],"product_tag":[25],"class_list":{"0":"post-26","1":"product","2":"type-product","3":"status-publish","4":"has-post-thumbnail","6":"product_cat-flat-caps-women","7":"product_cat-women","8":"product_tag-boina","9":"desktop-align-left","10":"tablet-align-left","11":"mobile-align-left","13":"first","14":"instock","15":"shipping-taxable","16":"purchasable","17":"product-type-variable"},"_links":{"self":[{"href":"https:\/\/up9lisbon.pt\/pt\/wp-json\/wp\/v2\/product\/26","targetHints":{"allow":["GET"]}}],"collection":[{"href":"https:\/\/up9lisbon.pt\/pt\/wp-json\/wp\/v2\/product"}],"about":[{"href":"https:\/\/up9lisbon.pt\/pt\/wp-json\/wp\/v2\/types\/product"}],"replies":[{"embeddable":true,"href":"https:\/\/up9lisbon.pt\/pt\/wp-json\/wp\/v2\/comments?post=26"}],"wp:featuredmedia":[{"embeddable":true,"href":"https:\/\/up9lisbon.pt\/pt\/wp-json\/wp\/v2\/media\/70"}],"wp:attachment":[{"href":"https:\/\/up9lisbon.pt\/pt\/wp-json\/wp\/v2\/media?parent=26"}],"wp:term":[{"taxonomy":"product_brand","embeddable":true,"href":"https:\/\/up9lisbon.pt\/pt\/wp-json\/wp\/v2\/product_brand?post=26"},{"taxonomy":"product_cat","embeddable":true,"href":"https:\/\/up9lisbon.pt\/pt\/wp-json\/wp\/v2\/product_cat?post=26"},{"taxonomy":"product_tag","embeddable":true,"href":"https:\/\/up9lisbon.pt\/pt\/wp-json\/wp\/v2\/product_tag?post=26"}],"curies":[{"name":"wp","href":"https:\/\/api.w.org\/{rel}","templated":true}]}}