{"id":253,"date":"2024-02-26T16:53:51","date_gmt":"2024-02-26T16:53:51","guid":{"rendered":"https:\/\/up9lisbon.pt\/?post_type=product&#038;p=253"},"modified":"2025-08-21T14:04:30","modified_gmt":"2025-08-21T14:04:30","slug":"long-sleeve-cork-pocket-t-shirts-women","status":"publish","type":"product","link":"https:\/\/up9lisbon.pt\/pt\/produto\/long-sleeve-cork-pocket-t-shirts-women\/","title":{"rendered":"T-shirt com bolso de corti\u00e7a de manga comprida-Mulher"},"content":{"rendered":"<h1>T-shirt com bolso de corti\u00e7a de manga comprida-Mulher<\/h1>\n<h2>100% Algod\u00e3o, bolso em corti\u00e7a<\/h2>\n<p>Atualize o seu guarda-roupa com as nossas bonitas pe\u00e7as artesanais com aplica\u00e7\u00e3o de corti\u00e7a, produzidas em Portugal. Cada pe\u00e7a \u00e9 cuidadosamente trabalhada usando apenas os melhores materiais naturais, garantindo qualidade e sustentabilidade. Abrace o estilo intemporal e o artesanato superior com a nossa cole\u00e7\u00e3o de roupa em corti\u00e7a. Compre agora e experimente o luxo do artesanato portugu\u00eas. D\u00ea um toque de eleg\u00e2ncia ao seu guarda-roupa com a nossa cole\u00e7\u00e3o de roupa com pormenores de corti\u00e7a.<\/p>","protected":false},"excerpt":{"rendered":"<ul>\n<li><strong>100% Algod\u00e3o, bolso, tecido de corti\u00e7a<\/strong><\/li>\n<li><strong>Produto 100% portugu\u00eas<\/strong><\/li>\n<\/ul>\n<p><strong data-sider-select-id=\"878f425a-4c8c-4a9c-a2e5-8deb47157d76\">Especifica\u00e7\u00f5es T\u00e9cnicas<\/strong><\/p>\n<p><a href=\"https:\/\/up9lisbon.pt\/wp-content\/uploads\/2024\/02\/TABELA-DE-MEDIDAS-UP9LISBON-Tshirt-Manga-Comprida-.png\"><img decoding=\"async\" class=\"alignnone size-medium wp-image-2465\" src=\"https:\/\/up9lisbon.pt\/wp-content\/uploads\/2024\/02\/TABELA-DE-MEDIDAS-UP9LISBON-Tshirt-Manga-Comprida--300x108.png\" alt=\"\" width=\"300\" height=\"108\" srcset=\"https:\/\/up9lisbon.pt\/wp-content\/uploads\/2024\/02\/TABELA-DE-MEDIDAS-UP9LISBON-Tshirt-Manga-Comprida--300x108.png 300w, https:\/\/up9lisbon.pt\/wp-content\/uploads\/2024\/02\/TABELA-DE-MEDIDAS-UP9LISBON-Tshirt-Manga-Comprida--600x216.png 600w, https:\/\/up9lisbon.pt\/wp-content\/uploads\/2024\/02\/TABELA-DE-MEDIDAS-UP9LISBON-Tshirt-Manga-Comprida--1024x369.png 1024w, https:\/\/up9lisbon.pt\/wp-content\/uploads\/2024\/02\/TABELA-DE-MEDIDAS-UP9LISBON-Tshirt-Manga-Comprida--768x277.png 768w, https:\/\/up9lisbon.pt\/wp-content\/uploads\/2024\/02\/TABELA-DE-MEDIDAS-UP9LISBON-Tshirt-Manga-Comprida--18x6.png 18w, https:\/\/up9lisbon.pt\/wp-content\/uploads\/2024\/02\/TABELA-DE-MEDIDAS-UP9LISBON-Tshirt-Manga-Comprida-.png 1180w\" sizes=\"(max-width: 300px) 100vw, 300px\" \/><\/a><\/p>","protected":false},"featured_media":265,"comment_status":"open","ping_status":"closed","template":"","meta":{"site-sidebar-layout":"default","site-content-layout":"","ast-site-content-layout":"full-width-container","site-content-style":"default","site-sidebar-style":"default","ast-global-header-display":"","ast-banner-title-visibility":"","ast-main-header-display":"","ast-hfb-above-header-display":"","ast-hfb-below-header-display":"","ast-hfb-mobile-header-display":"","site-post-title":"","ast-breadcrumbs-content":"","ast-featured-img":"","footer-sml-layout":"","theme-transparent-header-meta":"default","adv-header-id-meta":"","stick-header-meta":"","header-above-stick-meta":"","header-main-stick-meta":"","header-below-stick-meta":"","astra-migrate-meta-layouts":"set","ast-page-background-enabled":"default","ast-page-background-meta":{"desktop":{"background-color":"var(--ast-global-color-4)","background-image":"","background-repeat":"repeat","background-position":"center center","background-size":"auto","background-attachment":"scroll","background-type":"","background-media":"","overlay-type":"","overlay-color":"","overlay-opacity":"","overlay-gradient":""},"tablet":{"background-color":"","background-image":"","background-repeat":"repeat","background-position":"center center","background-size":"auto","background-attachment":"scroll","background-type":"","background-media":"","overlay-type":"","overlay-color":"","overlay-opacity":"","overlay-gradient":""},"mobile":{"background-color":"","background-image":"","background-repeat":"repeat","background-position":"center center","background-size":"auto","background-attachment":"scroll","background-type":"","background-media":"","overlay-type":"","overlay-color":"","overlay-opacity":"","overlay-gradient":""}},"ast-content-background-meta":{"desktop":{"background-color":"var(--ast-global-color-5)","background-image":"","background-repeat":"repeat","background-position":"center center","background-size":"auto","background-attachment":"scroll","background-type":"","background-media":"","overlay-type":"","overlay-color":"","overlay-opacity":"","overlay-gradient":""},"tablet":{"background-color":"var(--ast-global-color-5)","background-image":"","background-repeat":"repeat","background-position":"center center","background-size":"auto","background-attachment":"scroll","background-type":"","background-media":"","overlay-type":"","overlay-color":"","overlay-opacity":"","overlay-gradient":""},"mobile":{"background-color":"var(--ast-global-color-5)","background-image":"","background-repeat":"repeat","background-position":"center center","background-size":"auto","background-attachment":"scroll","background-type":"","background-media":"","overlay-type":"","overlay-color":"","overlay-opacity":"","overlay-gradient":""}}},"product_brand":[],"product_cat":[59,17,16],"product_tag":[56,57,73,58,18],"class_list":{"0":"post-253","1":"product","2":"type-product","3":"status-publish","4":"has-post-thumbnail","6":"product_cat-long-sleeve-shirts","7":"product_cat-t-shirts","8":"product_cat-women","9":"product_tag-bolso","10":"product_tag-cortica","11":"product_tag-long-sleeve-shirt","12":"product_tag-mangacomprida","13":"product_tag-t-shirt","14":"desktop-align-left","15":"tablet-align-left","16":"mobile-align-left","18":"first","19":"instock","20":"shipping-taxable","21":"purchasable","22":"product-type-variable"},"_links":{"self":[{"href":"https:\/\/up9lisbon.pt\/pt\/wp-json\/wp\/v2\/product\/253","targetHints":{"allow":["GET"]}}],"collection":[{"href":"https:\/\/up9lisbon.pt\/pt\/wp-json\/wp\/v2\/product"}],"about":[{"href":"https:\/\/up9lisbon.pt\/pt\/wp-json\/wp\/v2\/types\/product"}],"replies":[{"embeddable":true,"href":"https:\/\/up9lisbon.pt\/pt\/wp-json\/wp\/v2\/comments?post=253"}],"wp:featuredmedia":[{"embeddable":true,"href":"https:\/\/up9lisbon.pt\/pt\/wp-json\/wp\/v2\/media\/265"}],"wp:attachment":[{"href":"https:\/\/up9lisbon.pt\/pt\/wp-json\/wp\/v2\/media?parent=253"}],"wp:term":[{"taxonomy":"product_brand","embeddable":true,"href":"https:\/\/up9lisbon.pt\/pt\/wp-json\/wp\/v2\/product_brand?post=253"},{"taxonomy":"product_cat","embeddable":true,"href":"https:\/\/up9lisbon.pt\/pt\/wp-json\/wp\/v2\/product_cat?post=253"},{"taxonomy":"product_tag","embeddable":true,"href":"https:\/\/up9lisbon.pt\/pt\/wp-json\/wp\/v2\/product_tag?post=253"}],"curies":[{"name":"wp","href":"https:\/\/api.w.org\/{rel}","templated":true}]}}