{"id":226,"date":"2024-02-26T16:53:24","date_gmt":"2024-02-26T16:53:24","guid":{"rendered":"https:\/\/up9lisbon.pt\/?post_type=product&#038;p=226"},"modified":"2026-05-05T12:45:12","modified_gmt":"2026-05-05T12:45:12","slug":"short-sleeve-love-polo-shirt-men","status":"publish","type":"product","link":"https:\/\/up9lisbon.pt\/pt\/produto\/short-sleeve-love-polo-shirt-men\/","title":{"rendered":"Polo Amor Manga Curta \u2013 Homem"},"content":{"rendered":"<h1>Polo Amor Manga Curta \u2013 Homem<\/h1>\n<p>O polo Amor de manga curta, com elemento exclusivo em corti\u00e7a, confecionado em 100% algod\u00e3o para um conforto supremo. Produzido em Portugal com uma qualidade e estilo excepcional. Compre on-line e desfrute do envio mundial para uma conveni\u00eancia de compra sem esfor\u00e7o.<\/p>","protected":false},"excerpt":{"rendered":"<h1>Polo Amor Manga Curta \u2013 Homem<\/h1>\n<p>O polo de manga curta para Homem \u00e9 a mais recente cria\u00e7\u00e3o da UP9LISBON, dando continuidade \u00e0 sua miss\u00e3o de respeitar o meio ambiente.\n\nDestacamos o design do cora\u00e7\u00e3o barroco em corti\u00e7a, que ganha for\u00e7a neste tecido confecionado em algod\u00e3o Supima.\n\n\u00c9 um polo 100% natural e um produto 100% portugu\u00eas.<\/p>\n<p><strong data-sider-select-id=\"878f425a-4c8c-4a9c-a2e5-8deb47157d76\">Especifica\u00e7\u00f5es T\u00e9cnicas<\/strong><\/p>\n<p><a href=\"https:\/\/up9lisbon.pt\/wp-content\/uploads\/2024\/02\/TABELA-DE-MEDIDAS-UP9LISBON_T-shirt-Manga-Curta.png\"><img decoding=\"async\" class=\"alignnone wp-image-2466\" src=\"https:\/\/up9lisbon.pt\/wp-content\/uploads\/2024\/02\/TABELA-DE-MEDIDAS-UP9LISBON_T-shirt-Manga-Curta-300x104.png\" alt=\"\" width=\"361\" height=\"125\" srcset=\"https:\/\/up9lisbon.pt\/wp-content\/uploads\/2024\/02\/TABELA-DE-MEDIDAS-UP9LISBON_T-shirt-Manga-Curta-300x104.png 300w, https:\/\/up9lisbon.pt\/wp-content\/uploads\/2024\/02\/TABELA-DE-MEDIDAS-UP9LISBON_T-shirt-Manga-Curta-600x209.png 600w, https:\/\/up9lisbon.pt\/wp-content\/uploads\/2024\/02\/TABELA-DE-MEDIDAS-UP9LISBON_T-shirt-Manga-Curta-1024x356.png 1024w, https:\/\/up9lisbon.pt\/wp-content\/uploads\/2024\/02\/TABELA-DE-MEDIDAS-UP9LISBON_T-shirt-Manga-Curta-768x267.png 768w, https:\/\/up9lisbon.pt\/wp-content\/uploads\/2024\/02\/TABELA-DE-MEDIDAS-UP9LISBON_T-shirt-Manga-Curta-18x6.png 18w, https:\/\/up9lisbon.pt\/wp-content\/uploads\/2024\/02\/TABELA-DE-MEDIDAS-UP9LISBON_T-shirt-Manga-Curta.png 1237w\" sizes=\"(max-width: 361px) 100vw, 361px\" \/><\/a><\/p>\n<p>&nbsp;<\/p>\n<p>&nbsp;<\/p>","protected":false},"featured_media":258,"comment_status":"open","ping_status":"closed","template":"","meta":{"site-sidebar-layout":"default","site-content-layout":"","ast-site-content-layout":"default","site-content-style":"default","site-sidebar-style":"default","ast-global-header-display":"","ast-banner-title-visibility":"","ast-main-header-display":"","ast-hfb-above-header-display":"","ast-hfb-below-header-display":"","ast-hfb-mobile-header-display":"","site-post-title":"","ast-breadcrumbs-content":"","ast-featured-img":"","footer-sml-layout":"","theme-transparent-header-meta":"default","adv-header-id-meta":"","stick-header-meta":"","header-above-stick-meta":"","header-main-stick-meta":"","header-below-stick-meta":"","astra-migrate-meta-layouts":"set","ast-page-background-enabled":"default","ast-page-background-meta":{"desktop":{"background-color":"var(--ast-global-color-4)","background-image":"","background-repeat":"repeat","background-position":"center center","background-size":"auto","background-attachment":"scroll","background-type":"","background-media":"","overlay-type":"","overlay-color":"","overlay-opacity":"","overlay-gradient":""},"tablet":{"background-color":"","background-image":"","background-repeat":"repeat","background-position":"center center","background-size":"auto","background-attachment":"scroll","background-type":"","background-media":"","overlay-type":"","overlay-color":"","overlay-opacity":"","overlay-gradient":""},"mobile":{"background-color":"","background-image":"","background-repeat":"repeat","background-position":"center center","background-size":"auto","background-attachment":"scroll","background-type":"","background-media":"","overlay-type":"","overlay-color":"","overlay-opacity":"","overlay-gradient":""}},"ast-content-background-meta":{"desktop":{"background-color":"var(--ast-global-color-5)","background-image":"","background-repeat":"repeat","background-position":"center center","background-size":"auto","background-attachment":"scroll","background-type":"","background-media":"","overlay-type":"","overlay-color":"","overlay-opacity":"","overlay-gradient":""},"tablet":{"background-color":"var(--ast-global-color-5)","background-image":"","background-repeat":"repeat","background-position":"center center","background-size":"auto","background-attachment":"scroll","background-type":"","background-media":"","overlay-type":"","overlay-color":"","overlay-opacity":"","overlay-gradient":""},"mobile":{"background-color":"var(--ast-global-color-5)","background-image":"","background-repeat":"repeat","background-position":"center center","background-size":"auto","background-attachment":"scroll","background-type":"","background-media":"","overlay-type":"","overlay-color":"","overlay-opacity":"","overlay-gradient":""}}},"product_brand":[],"product_cat":[19,54],"product_tag":[76,46,47,75],"class_list":{"0":"post-226","1":"product","2":"type-product","3":"status-publish","4":"has-post-thumbnail","6":"product_cat-men","7":"product_cat-short-sleeve-polo-shirts-men","8":"product_tag-cork-made-polo-shirt","9":"product_tag-ecologico","10":"product_tag-polo","11":"product_tag-polo-shirt","12":"desktop-align-left","13":"tablet-align-left","14":"mobile-align-left","16":"first","17":"instock","18":"shipping-taxable","19":"purchasable","20":"product-type-variable"},"_links":{"self":[{"href":"https:\/\/up9lisbon.pt\/pt\/wp-json\/wp\/v2\/product\/226","targetHints":{"allow":["GET"]}}],"collection":[{"href":"https:\/\/up9lisbon.pt\/pt\/wp-json\/wp\/v2\/product"}],"about":[{"href":"https:\/\/up9lisbon.pt\/pt\/wp-json\/wp\/v2\/types\/product"}],"replies":[{"embeddable":true,"href":"https:\/\/up9lisbon.pt\/pt\/wp-json\/wp\/v2\/comments?post=226"}],"wp:featuredmedia":[{"embeddable":true,"href":"https:\/\/up9lisbon.pt\/pt\/wp-json\/wp\/v2\/media\/258"}],"wp:attachment":[{"href":"https:\/\/up9lisbon.pt\/pt\/wp-json\/wp\/v2\/media?parent=226"}],"wp:term":[{"taxonomy":"product_brand","embeddable":true,"href":"https:\/\/up9lisbon.pt\/pt\/wp-json\/wp\/v2\/product_brand?post=226"},{"taxonomy":"product_cat","embeddable":true,"href":"https:\/\/up9lisbon.pt\/pt\/wp-json\/wp\/v2\/product_cat?post=226"},{"taxonomy":"product_tag","embeddable":true,"href":"https:\/\/up9lisbon.pt\/pt\/wp-json\/wp\/v2\/product_tag?post=226"}],"curies":[{"name":"wp","href":"https:\/\/api.w.org\/{rel}","templated":true}]}}