{"id":149,"date":"2024-02-26T16:51:28","date_gmt":"2024-02-26T16:51:28","guid":{"rendered":"https:\/\/up9lisbon.pt\/?post_type=product&#038;p=149"},"modified":"2025-08-21T14:40:09","modified_gmt":"2025-08-21T14:40:09","slug":"cork-oak-t-shirt-blue","status":"publish","type":"product","link":"https:\/\/up9lisbon.pt\/pt\/produto\/cork-oak-t-shirt-blue\/","title":{"rendered":"T-Shirt Sobreiro \u2013 Azul"},"content":{"rendered":"<h1>T-Shirt Sobreiro \u2013 Azul<\/h1>\n<p>Stay stylish and sustainable with our Cork oak t-shirt for men. Made from soft, <a href=\"https:\/\/www.soilassociation.org\/take-action\/organic-living\/fashion-textiles\/organic-cotton\/\" target=\"_blank\" rel=\"noopener\">organic cotton<\/a> and featuring a unique cork three element on the pocket, this shirt is perfect for eco-conscious fashionistas. Add a touch of nature to your wardrobe with this one-of-a-kind piece.<\/p>","protected":false},"excerpt":{"rendered":"<p>The Cork oak T-Shirt Sobreiro by UP9LISBON is essential and unique. A fundamental piece for any wardrobe, <a href=\"https:\/\/pt.wikipedia.org\/wiki\/Sobreiro\" target=\"_blank\" rel=\"noopener\">Sobreiro<\/a> is one of a kind. The iconic symbolism of cork emerges naturally, incorporated in the front pocket.<\/p>\n<p>Uma t-shirt 100% natural que demorou 9 anos a ser produzida.\nProduto 100% portugu\u00eas.<br \/>\nProduto 100% portugu\u00eas.<\/p>\n<p>Dispon\u00edvel em quatro cores: azul, branco, verde e preto.<\/p>\n<p><strong>Especifica\u00e7\u00f5es T\u00e9cnicas<\/strong><\/p>\n<p>&nbsp;<\/p>\n<p><img fetchpriority=\"high\" decoding=\"async\" class=\"alignnone size-medium wp-image-2837\" src=\"https:\/\/up9lisbon.pt\/wp-content\/uploads\/2021\/12\/Especificacoes-Tecnicas-3-300x206.jpg\" alt=\"\" width=\"300\" height=\"206\" \/><\/p>","protected":false},"featured_media":194,"comment_status":"open","ping_status":"closed","template":"","meta":{"site-sidebar-layout":"default","site-content-layout":"","ast-site-content-layout":"default","site-content-style":"default","site-sidebar-style":"default","ast-global-header-display":"","ast-banner-title-visibility":"","ast-main-header-display":"","ast-hfb-above-header-display":"","ast-hfb-below-header-display":"","ast-hfb-mobile-header-display":"","site-post-title":"","ast-breadcrumbs-content":"","ast-featured-img":"","footer-sml-layout":"","theme-transparent-header-meta":"default","adv-header-id-meta":"","stick-header-meta":"","header-above-stick-meta":"","header-main-stick-meta":"","header-below-stick-meta":"","astra-migrate-meta-layouts":"set","ast-page-background-enabled":"default","ast-page-background-meta":{"desktop":{"background-color":"var(--ast-global-color-4)","background-image":"","background-repeat":"repeat","background-position":"center center","background-size":"auto","background-attachment":"scroll","background-type":"","background-media":"","overlay-type":"","overlay-color":"","overlay-opacity":"","overlay-gradient":""},"tablet":{"background-color":"","background-image":"","background-repeat":"repeat","background-position":"center center","background-size":"auto","background-attachment":"scroll","background-type":"","background-media":"","overlay-type":"","overlay-color":"","overlay-opacity":"","overlay-gradient":""},"mobile":{"background-color":"","background-image":"","background-repeat":"repeat","background-position":"center center","background-size":"auto","background-attachment":"scroll","background-type":"","background-media":"","overlay-type":"","overlay-color":"","overlay-opacity":"","overlay-gradient":""}},"ast-content-background-meta":{"desktop":{"background-color":"var(--ast-global-color-5)","background-image":"","background-repeat":"repeat","background-position":"center center","background-size":"auto","background-attachment":"scroll","background-type":"","background-media":"","overlay-type":"","overlay-color":"","overlay-opacity":"","overlay-gradient":""},"tablet":{"background-color":"var(--ast-global-color-5)","background-image":"","background-repeat":"repeat","background-position":"center center","background-size":"auto","background-attachment":"scroll","background-type":"","background-media":"","overlay-type":"","overlay-color":"","overlay-opacity":"","overlay-gradient":""},"mobile":{"background-color":"var(--ast-global-color-5)","background-image":"","background-repeat":"repeat","background-position":"center center","background-size":"auto","background-attachment":"scroll","background-type":"","background-media":"","overlay-type":"","overlay-color":"","overlay-opacity":"","overlay-gradient":""}}},"product_brand":[],"product_cat":[19,20,55],"product_tag":[77,18,79],"class_list":{"0":"post-149","1":"product","2":"type-product","3":"status-publish","4":"has-post-thumbnail","6":"product_cat-men","7":"product_cat-t-shirts-men","8":"product_cat-t-shirts-with-cork-pocket-short-sleeves","9":"product_tag-cotton-t-shirt","10":"product_tag-t-shirt","11":"product_tag-t-shirt-with-cork","12":"desktop-align-left","13":"tablet-align-left","14":"mobile-align-left","16":"first","17":"instock","18":"shipping-taxable","19":"purchasable","20":"product-type-variable"},"_links":{"self":[{"href":"https:\/\/up9lisbon.pt\/pt\/wp-json\/wp\/v2\/product\/149","targetHints":{"allow":["GET"]}}],"collection":[{"href":"https:\/\/up9lisbon.pt\/pt\/wp-json\/wp\/v2\/product"}],"about":[{"href":"https:\/\/up9lisbon.pt\/pt\/wp-json\/wp\/v2\/types\/product"}],"replies":[{"embeddable":true,"href":"https:\/\/up9lisbon.pt\/pt\/wp-json\/wp\/v2\/comments?post=149"}],"wp:featuredmedia":[{"embeddable":true,"href":"https:\/\/up9lisbon.pt\/pt\/wp-json\/wp\/v2\/media\/194"}],"wp:attachment":[{"href":"https:\/\/up9lisbon.pt\/pt\/wp-json\/wp\/v2\/media?parent=149"}],"wp:term":[{"taxonomy":"product_brand","embeddable":true,"href":"https:\/\/up9lisbon.pt\/pt\/wp-json\/wp\/v2\/product_brand?post=149"},{"taxonomy":"product_cat","embeddable":true,"href":"https:\/\/up9lisbon.pt\/pt\/wp-json\/wp\/v2\/product_cat?post=149"},{"taxonomy":"product_tag","embeddable":true,"href":"https:\/\/up9lisbon.pt\/pt\/wp-json\/wp\/v2\/product_tag?post=149"}],"curies":[{"name":"wp","href":"https:\/\/api.w.org\/{rel}","templated":true}]}}