{"id":113,"date":"2024-02-26T16:50:47","date_gmt":"2024-02-26T16:50:47","guid":{"rendered":"https:\/\/up9lisbon.pt\/?post_type=product&#038;p=113"},"modified":"2025-08-21T14:46:23","modified_gmt":"2025-08-21T14:46:23","slug":"cork-oak-t-shirt-white","status":"publish","type":"product","link":"https:\/\/up9lisbon.pt\/pt\/produto\/cork-oak-t-shirt-white\/","title":{"rendered":"T-Shirt Sobreiro \u2013 Branca"},"content":{"rendered":"<h1>T-Shirt Sobreiro \u2013 Branca<\/h1>\n<p>The Sobreiro Cork oak t-shirt from UP9LISBON is essential and unique. A fundamental piece for any wardrobe, Sobreiro is distinctive. The iconic symbolism of cork naturally appears incorporated in the front pocket.<\/p>\n<p>Uma t-shirt 100% natural que demorou 9 anos a ser produzida.<br \/>\nProduto 100% portugu\u00eas.<\/p>\n<p>Dispon\u00edvel em quatro cores: azul, branco, verde e preto.<\/p>\n<p>Especifica\u00e7\u00f5es T\u00e9cnicas<\/p>","protected":false},"excerpt":{"rendered":"<p>The Sobreiro t-shirt from UP9LISBON is essential and unique. A fundamental piece for any wardrobe, Sobreiro is distinctive. The iconic symbolism of cork naturally appears incorporated in the front pocket.<\/p>\n<p>Uma t-shirt 100% natural que demorou 9 anos a ser produzida.<br \/>\nProduto 100% portugu\u00eas.<\/p>\n<p>Dispon\u00edvel em quatro cores: azul, branco, verde e preto.<\/p>\n<h6>Especifica\u00e7\u00f5es T\u00e9cnicas<\/h6>\n<p><a href=\"https:\/\/up9lisbon.pt\/wp-content\/uploads\/2024\/02\/TABELA-DE-MEDIDAS-UP9LISBON_T-shirt-Manga-Curta.png\"><img decoding=\"async\" class=\"alignnone size-medium wp-image-2466\" src=\"https:\/\/up9lisbon.pt\/wp-content\/uploads\/2024\/02\/TABELA-DE-MEDIDAS-UP9LISBON_T-shirt-Manga-Curta-300x104.png\" alt=\"\" width=\"300\" height=\"104\" srcset=\"https:\/\/up9lisbon.pt\/wp-content\/uploads\/2024\/02\/TABELA-DE-MEDIDAS-UP9LISBON_T-shirt-Manga-Curta-300x104.png 300w, https:\/\/up9lisbon.pt\/wp-content\/uploads\/2024\/02\/TABELA-DE-MEDIDAS-UP9LISBON_T-shirt-Manga-Curta-600x209.png 600w, https:\/\/up9lisbon.pt\/wp-content\/uploads\/2024\/02\/TABELA-DE-MEDIDAS-UP9LISBON_T-shirt-Manga-Curta-1024x356.png 1024w, https:\/\/up9lisbon.pt\/wp-content\/uploads\/2024\/02\/TABELA-DE-MEDIDAS-UP9LISBON_T-shirt-Manga-Curta-768x267.png 768w, https:\/\/up9lisbon.pt\/wp-content\/uploads\/2024\/02\/TABELA-DE-MEDIDAS-UP9LISBON_T-shirt-Manga-Curta-18x6.png 18w, https:\/\/up9lisbon.pt\/wp-content\/uploads\/2024\/02\/TABELA-DE-MEDIDAS-UP9LISBON_T-shirt-Manga-Curta.png 1237w\" sizes=\"(max-width: 300px) 100vw, 300px\" \/><\/a><\/p>","protected":false},"featured_media":1984,"comment_status":"open","ping_status":"closed","template":"","meta":{"site-sidebar-layout":"default","site-content-layout":"","ast-site-content-layout":"default","site-content-style":"default","site-sidebar-style":"default","ast-global-header-display":"","ast-banner-title-visibility":"","ast-main-header-display":"","ast-hfb-above-header-display":"","ast-hfb-below-header-display":"","ast-hfb-mobile-header-display":"","site-post-title":"","ast-breadcrumbs-content":"","ast-featured-img":"","footer-sml-layout":"","theme-transparent-header-meta":"default","adv-header-id-meta":"","stick-header-meta":"","header-above-stick-meta":"","header-main-stick-meta":"","header-below-stick-meta":"","astra-migrate-meta-layouts":"set","ast-page-background-enabled":"default","ast-page-background-meta":{"desktop":{"background-color":"var(--ast-global-color-4)","background-image":"","background-repeat":"repeat","background-position":"center center","background-size":"auto","background-attachment":"scroll","background-type":"","background-media":"","overlay-type":"","overlay-color":"","overlay-opacity":"","overlay-gradient":""},"tablet":{"background-color":"","background-image":"","background-repeat":"repeat","background-position":"center center","background-size":"auto","background-attachment":"scroll","background-type":"","background-media":"","overlay-type":"","overlay-color":"","overlay-opacity":"","overlay-gradient":""},"mobile":{"background-color":"","background-image":"","background-repeat":"repeat","background-position":"center center","background-size":"auto","background-attachment":"scroll","background-type":"","background-media":"","overlay-type":"","overlay-color":"","overlay-opacity":"","overlay-gradient":""}},"ast-content-background-meta":{"desktop":{"background-color":"var(--ast-global-color-5)","background-image":"","background-repeat":"repeat","background-position":"center center","background-size":"auto","background-attachment":"scroll","background-type":"","background-media":"","overlay-type":"","overlay-color":"","overlay-opacity":"","overlay-gradient":""},"tablet":{"background-color":"var(--ast-global-color-5)","background-image":"","background-repeat":"repeat","background-position":"center center","background-size":"auto","background-attachment":"scroll","background-type":"","background-media":"","overlay-type":"","overlay-color":"","overlay-opacity":"","overlay-gradient":""},"mobile":{"background-color":"var(--ast-global-color-5)","background-image":"","background-repeat":"repeat","background-position":"center center","background-size":"auto","background-attachment":"scroll","background-type":"","background-media":"","overlay-type":"","overlay-color":"","overlay-opacity":"","overlay-gradient":""}}},"product_brand":[],"product_cat":[19,20,55],"product_tag":[77,18,79],"class_list":{"0":"post-113","1":"product","2":"type-product","3":"status-publish","4":"has-post-thumbnail","6":"product_cat-men","7":"product_cat-t-shirts-men","8":"product_cat-t-shirts-with-cork-pocket-short-sleeves","9":"product_tag-cotton-t-shirt","10":"product_tag-t-shirt","11":"product_tag-t-shirt-with-cork","12":"desktop-align-left","13":"tablet-align-left","14":"mobile-align-left","16":"first","17":"instock","18":"shipping-taxable","19":"purchasable","20":"product-type-variable"},"_links":{"self":[{"href":"https:\/\/up9lisbon.pt\/pt\/wp-json\/wp\/v2\/product\/113","targetHints":{"allow":["GET"]}}],"collection":[{"href":"https:\/\/up9lisbon.pt\/pt\/wp-json\/wp\/v2\/product"}],"about":[{"href":"https:\/\/up9lisbon.pt\/pt\/wp-json\/wp\/v2\/types\/product"}],"replies":[{"embeddable":true,"href":"https:\/\/up9lisbon.pt\/pt\/wp-json\/wp\/v2\/comments?post=113"}],"wp:featuredmedia":[{"embeddable":true,"href":"https:\/\/up9lisbon.pt\/pt\/wp-json\/wp\/v2\/media\/1984"}],"wp:attachment":[{"href":"https:\/\/up9lisbon.pt\/pt\/wp-json\/wp\/v2\/media?parent=113"}],"wp:term":[{"taxonomy":"product_brand","embeddable":true,"href":"https:\/\/up9lisbon.pt\/pt\/wp-json\/wp\/v2\/product_brand?post=113"},{"taxonomy":"product_cat","embeddable":true,"href":"https:\/\/up9lisbon.pt\/pt\/wp-json\/wp\/v2\/product_cat?post=113"},{"taxonomy":"product_tag","embeddable":true,"href":"https:\/\/up9lisbon.pt\/pt\/wp-json\/wp\/v2\/product_tag?post=113"}],"curies":[{"name":"wp","href":"https:\/\/api.w.org\/{rel}","templated":true}]}}